{"id":6,"date":"2025-01-09T10:50:45","date_gmt":"2025-01-09T10:50:45","guid":{"rendered":"https:\/\/ristoh.vlab.fi\/whip\/?page_id=6"},"modified":"2025-01-09T10:50:45","modified_gmt":"2025-01-09T10:50:45","slug":"ulffil-on-asiaa","status":"publish","type":"page","link":"https:\/\/ristoh.vlab.fi\/whip\/index.php\/ulffil-on-asiaa\/","title":{"rendered":"ulffil-on-asiaa"},"content":{"rendered":"<pre class=\"tw-data-text tw-text-large tw-ta\" dir=\"ltr\" data-placeholder=\"K\u00e4\u00e4nn\u00f6s\" data-ved=\"2ahUKEwieqeCCu-iKAxUJQlUIHQZpIrkQ3ewLegQIChAU\" aria-label=\"K\u00e4\u00e4nnetty teksti: helppok\u00e4ytt\u00f6inen alusta, jota voit k\u00e4ytt\u00e4\u00e4 koskematta yhteen koodiriviin. Mutta HTML:n muokkaaminen WordPressiss\u00e4 on hyv\u00e4 taito\"><span class=\"Y2IQFc\" lang=\"fi\">wordpress on helppok\u00e4ytt\u00f6inen alusta, \r\njota voit k\u00e4ytt\u00e4\u00e4 koskematta yhteen koodiriviin.\r\nMutta HTML:n muokkaaminen WordPressiss\u00e4 on hyv\u00e4 taito\r\n<\/span><\/pre>\n<pre id=\"tw-target-text\" class=\"tw-data-text tw-text-large tw-ta\" dir=\"ltr\" data-placeholder=\"K\u00e4\u00e4nn\u00f6s\" data-ved=\"2ahUKEwieqeCCu-iKAxUJQlUIHQZpIrkQ3ewLegQIChAU\" aria-label=\"K\u00e4\u00e4nnetty teksti: Jos haluat muuttaa verkkosivustosi ulkoasua, voit k\u00e4ytt\u00e4\u00e4 ja muokata esiasennettua teemaa tai asentaa uuden WordPress-hakemistosta. Lis\u00e4ksi lis\u00e4osien asentaminen voi olla yksi parhaista ratkaisuista lis\u00e4t\u00e4ksesi verkkosivustollesi toimintoja.\"><span class=\"Y2IQFc\" lang=\"fi\">Jos haluat muuttaa verkkosivustosi ulkoasua,\r\nvoit k\u00e4ytt\u00e4\u00e4 ja muokata esiasennettua teemaa\r\n tai asentaa uuden WordPress-hakemistosta.\r\n Lis\u00e4ksi lis\u00e4osien asentaminen voi \r\nolla yksi parhaista ratkaisuista lis\u00e4t\u00e4ksesi verkkosivustollesi\r\n toimintoja.<\/span><\/pre>\n<pre id=\"tw-target-text\" class=\"tw-data-text tw-text-large tw-ta\" dir=\"ltr\" data-placeholder=\"K\u00e4\u00e4nn\u00f6s\" data-ved=\"2ahUKEwieqeCCu-iKAxUJQlUIHQZpIrkQ3ewLegQIChAU\" aria-label=\"K\u00e4\u00e4nnetty teksti: helppok\u00e4ytt\u00f6inen alusta, jota voit k\u00e4ytt\u00e4\u00e4 koskematta yhteen koodiriviin. Mutta HTML:n muokkaaminen WordPressiss\u00e4 on hyv\u00e4 taito\"><span class=\"Y2IQFc\" lang=\"fi\">\u00a0<\/span><\/pre>\n","protected":false},"excerpt":{"rendered":"<p>wordpress on helppok\u00e4ytt\u00f6inen alusta, jota voit k\u00e4ytt\u00e4\u00e4 koskematta yhteen koodiriviin. Mutta HTML:n muokkaaminen WordPressiss\u00e4 on hyv\u00e4 taito Jos haluat muuttaa verkkosivustosi ulkoasua, voit k\u00e4ytt\u00e4\u00e4 ja muokata esiasennettua teemaa tai asentaa uuden WordPress-hakemistosta. Lis\u00e4ksi lis\u00e4osien asentaminen voi olla yksi parhaista ratkaisuista lis\u00e4t\u00e4ksesi verkkosivustollesi toimintoja. \u00a0<\/p>\n","protected":false},"author":1,"featured_media":0,"parent":0,"menu_order":0,"comment_status":"closed","ping_status":"closed","template":"","meta":{"footnotes":""},"class_list":["post-6","page","type-page","status-publish","hentry"],"_links":{"self":[{"href":"https:\/\/ristoh.vlab.fi\/whip\/index.php\/wp-json\/wp\/v2\/pages\/6","targetHints":{"allow":["GET"]}}],"collection":[{"href":"https:\/\/ristoh.vlab.fi\/whip\/index.php\/wp-json\/wp\/v2\/pages"}],"about":[{"href":"https:\/\/ristoh.vlab.fi\/whip\/index.php\/wp-json\/wp\/v2\/types\/page"}],"author":[{"embeddable":true,"href":"https:\/\/ristoh.vlab.fi\/whip\/index.php\/wp-json\/wp\/v2\/users\/1"}],"replies":[{"embeddable":true,"href":"https:\/\/ristoh.vlab.fi\/whip\/index.php\/wp-json\/wp\/v2\/comments?post=6"}],"version-history":[{"count":1,"href":"https:\/\/ristoh.vlab.fi\/whip\/index.php\/wp-json\/wp\/v2\/pages\/6\/revisions"}],"predecessor-version":[{"id":7,"href":"https:\/\/ristoh.vlab.fi\/whip\/index.php\/wp-json\/wp\/v2\/pages\/6\/revisions\/7"}],"wp:attachment":[{"href":"https:\/\/ristoh.vlab.fi\/whip\/index.php\/wp-json\/wp\/v2\/media?parent=6"}],"curies":[{"name":"wp","href":"https:\/\/api.w.org\/{rel}","templated":true}]}}